{"id":889,"date":"2023-11-22T22:38:28","date_gmt":"2023-11-22T22:38:28","guid":{"rendered":"https:\/\/www.pracowniaprzeksztalcen.pl\/?page_id=889"},"modified":"2023-12-16T13:36:22","modified_gmt":"2023-12-16T13:36:22","slug":"formularz-rezerwacji-warsztat-poglebienie","status":"publish","type":"page","link":"https:\/\/www.pracowniaprzeksztalcen.pl\/index.php\/formularz-rezerwacji-warsztat-poglebienie\/","title":{"rendered":"Formularz rezerwacji -warsztat pog\u0142\u0119bienie"},"content":{"rendered":"\t\t<div data-elementor-type=\"wp-page\" data-elementor-id=\"889\" class=\"elementor elementor-889\">\n\t\t\t\t\t\t<section class=\"elementor-section elementor-top-section elementor-element elementor-element-6133706 elementor-section-boxed elementor-section-height-default elementor-section-height-default wpr-particle-no wpr-jarallax-no wpr-parallax-no wpr-sticky-section-no wpr-equal-height-no\" data-id=\"6133706\" data-element_type=\"section\" data-e-type=\"section\">\n\t\t\t\t\t\t<div class=\"elementor-container elementor-column-gap-default\">\n\t\t\t\t\t<div class=\"elementor-column elementor-col-100 elementor-top-column elementor-element elementor-element-5dba1ed\" data-id=\"5dba1ed\" data-element_type=\"column\" data-e-type=\"column\">\n\t\t\t<div class=\"elementor-widget-wrap elementor-element-populated\">\n\t\t\t\t\t\t<div class=\"elementor-element elementor-element-927ba42 elementor-widget elementor-widget-spacer\" data-id=\"927ba42\" data-element_type=\"widget\" data-e-type=\"widget\" data-widget_type=\"spacer.default\">\n\t\t\t\t<div class=\"elementor-widget-container\">\n\t\t\t\t\t\t\t<div class=\"elementor-spacer\">\n\t\t\t<div class=\"elementor-spacer-inner\"><\/div>\n\t\t<\/div>\n\t\t\t\t\t\t<\/div>\n\t\t\t\t<\/div>\n\t\t\t\t\t<\/div>\n\t\t<\/div>\n\t\t\t\t\t<\/div>\n\t\t<\/section>\n\t\t\t\t<section class=\"elementor-section elementor-top-section elementor-element elementor-element-28b909d elementor-section-boxed elementor-section-height-default elementor-section-height-default wpr-particle-no wpr-jarallax-no wpr-parallax-no wpr-sticky-section-no wpr-equal-height-no\" data-id=\"28b909d\" data-element_type=\"section\" data-e-type=\"section\">\n\t\t\t\t\t\t<div class=\"elementor-container elementor-column-gap-default\">\n\t\t\t\t\t<div class=\"elementor-column elementor-col-100 elementor-top-column elementor-element elementor-element-409ee75\" data-id=\"409ee75\" data-element_type=\"column\" data-e-type=\"column\">\n\t\t\t<div class=\"elementor-widget-wrap elementor-element-populated\">\n\t\t\t\t\t\t<div class=\"elementor-element elementor-element-f216509 elementor-widget elementor-widget-heading\" data-id=\"f216509\" data-element_type=\"widget\" data-e-type=\"widget\" data-widget_type=\"heading.default\">\n\t\t\t\t<div class=\"elementor-widget-container\">\n\t\t\t\t\t<h2 class=\"elementor-heading-title elementor-size-default\">Warsztat \"Pog\u0142\u0119bienie i uwalnianie w IFS\"<\/h2>\t\t\t\t<\/div>\n\t\t\t\t<\/div>\n\t\t\t\t\t<\/div>\n\t\t<\/div>\n\t\t\t\t\t<\/div>\n\t\t<\/section>\n\t\t\t\t<section class=\"elementor-section elementor-top-section elementor-element elementor-element-a4cd2d2 elementor-section-boxed elementor-section-height-default elementor-section-height-default wpr-particle-no wpr-jarallax-no wpr-parallax-no wpr-sticky-section-no wpr-equal-height-no\" data-id=\"a4cd2d2\" data-element_type=\"section\" data-e-type=\"section\">\n\t\t\t\t\t\t<div class=\"elementor-container elementor-column-gap-default\">\n\t\t\t\t\t<div class=\"elementor-column elementor-col-100 elementor-top-column elementor-element elementor-element-68cf632\" data-id=\"68cf632\" data-element_type=\"column\" data-e-type=\"column\">\n\t\t\t<div class=\"elementor-widget-wrap elementor-element-populated\">\n\t\t\t\t\t\t<div class=\"elementor-element elementor-element-61478ff elementor-widget__width-initial elementor-widget elementor-widget-text-editor\" data-id=\"61478ff\" data-element_type=\"widget\" data-e-type=\"widget\" data-widget_type=\"text-editor.default\">\n\t\t\t\t<div class=\"elementor-widget-container\">\n\t\t\t\t\t\t\t\t\t<p><strong>Forma<\/strong>: stacjonarnie<\/p><p><strong>Termin<\/strong>: 20-21.01.2024<\/p><p><strong>Godziny<\/strong>: 9.00-17.00 (z przerw\u0105 na obiad)\u00a0<\/p><p><strong>Miejsce<\/strong>: \u00a0ul. Z\u0142oczowska 13 Warszawa (Saska K\u0119pa)<\/p><p><strong>Ilo\u015b\u0107 os\u00f3b<\/strong>: 10-18<\/p><p><strong>Cena: 500 z\u0142\u00a0<\/strong>(uczestnicy badania &#8222;Wp\u0142yw treningu dialogowego na dobrostan \u2013 moderuj\u0105ca rola my\u015blenia dialogowego i kategorialnego&#8221; realizuj\u0105 kupon promocyjny- cena promocyjna 350 z\u0142\u00a0 )\u00a0<\/p><p><strong>Faktura<\/strong>: tak, dane do faktury prze\u015blij na adres: <a href=\"mailto:biuro@pracowniaprzeksztalcen.pl\" target=\"_blank\" rel=\"noopener\">biuro@pracowniaprzeksztalcen.pl<\/a><\/p><p><span style=\"color: var( --e-global-color-secondary ); letter-spacing: 0px;\"><strong>Za\u015bwiadczenie o udziale<\/strong>: tak, plik PDF gotowy do wydruk1<\/span><\/p>\t\t\t\t\t\t\t\t<\/div>\n\t\t\t\t<\/div>\n\t\t\t\t\t<\/div>\n\t\t<\/div>\n\t\t\t\t\t<\/div>\n\t\t<\/section>\n\t\t\t\t<section class=\"elementor-section elementor-top-section elementor-element elementor-element-0dfff63 elementor-section-boxed elementor-section-height-default elementor-section-height-default wpr-particle-no wpr-jarallax-no wpr-parallax-no wpr-sticky-section-no wpr-equal-height-no\" data-id=\"0dfff63\" data-element_type=\"section\" data-e-type=\"section\">\n\t\t\t\t\t\t<div class=\"elementor-container elementor-column-gap-default\">\n\t\t\t\t\t<div class=\"elementor-column elementor-col-100 elementor-top-column elementor-element elementor-element-0c1879c\" data-id=\"0c1879c\" data-element_type=\"column\" data-e-type=\"column\">\n\t\t\t<div class=\"elementor-widget-wrap elementor-element-populated\">\n\t\t\t\t\t\t<div class=\"elementor-element elementor-element-bdb4f99 elementor-widget elementor-widget-spacer\" data-id=\"bdb4f99\" data-element_type=\"widget\" data-e-type=\"widget\" data-widget_type=\"spacer.default\">\n\t\t\t\t<div class=\"elementor-widget-container\">\n\t\t\t\t\t\t\t<div class=\"elementor-spacer\">\n\t\t\t<div class=\"elementor-spacer-inner\"><\/div>\n\t\t<\/div>\n\t\t\t\t\t\t<\/div>\n\t\t\t\t<\/div>\n\t\t\t\t\t<\/div>\n\t\t<\/div>\n\t\t\t\t\t<\/div>\n\t\t<\/section>\n\t\t\t\t<section class=\"elementor-section elementor-top-section elementor-element elementor-element-37ee547 elementor-section-boxed elementor-section-height-default elementor-section-height-default wpr-particle-no wpr-jarallax-no wpr-parallax-no wpr-sticky-section-no wpr-equal-height-no\" data-id=\"37ee547\" data-element_type=\"section\" data-e-type=\"section\">\n\t\t\t\t\t\t<div class=\"elementor-container elementor-column-gap-default\">\n\t\t\t\t\t<div class=\"elementor-column elementor-col-100 elementor-top-column elementor-element elementor-element-fe7e71b\" data-id=\"fe7e71b\" data-element_type=\"column\" data-e-type=\"column\">\n\t\t\t<div class=\"elementor-widget-wrap elementor-element-populated\">\n\t\t\t\t\t\t<div class=\"elementor-element elementor-element-785a3b6 elementor-widget elementor-widget-html\" data-id=\"785a3b6\" data-element_type=\"widget\" data-e-type=\"widget\" data-widget_type=\"html.default\">\n\t\t\t\t<div class=\"elementor-widget-container\">\n\t\t\t\t\t<div id=\"bookero\"><\/div>\n<script type=\"text\/javascript\">\n  var bookero_config = {\n    id: 'D1Xdm9ANtt9J',\n    container: 'bookero',\n    type: 'standard',\n    position: '',\n    plugin_css: true,\n    lang: 'pl'\n  };\n\n  (function() {\n  var d = document, s = d.createElement('script');\n  s.src = 'https:\/\/cdn.bookero.pl\/plugin\/v2\/js\/bookero-compiled.js';\n  d.body.appendChild(s);\n  })();\n<\/script>\t\t\t\t<\/div>\n\t\t\t\t<\/div>\n\t\t\t\t\t<\/div>\n\t\t<\/div>\n\t\t\t\t\t<\/div>\n\t\t<\/section>\n\t\t\t\t<section class=\"elementor-section elementor-top-section elementor-element elementor-element-1ab1402 elementor-section-boxed elementor-section-height-default elementor-section-height-default wpr-particle-no wpr-jarallax-no wpr-parallax-no wpr-sticky-section-no wpr-equal-height-no\" data-id=\"1ab1402\" data-element_type=\"section\" data-e-type=\"section\">\n\t\t\t\t\t\t<div class=\"elementor-container elementor-column-gap-default\">\n\t\t\t\t\t<div class=\"elementor-column elementor-col-100 elementor-top-column elementor-element elementor-element-40f7c94\" data-id=\"40f7c94\" data-element_type=\"column\" data-e-type=\"column\">\n\t\t\t<div class=\"elementor-widget-wrap elementor-element-populated\">\n\t\t\t\t\t\t<div class=\"elementor-element elementor-element-82aa6bb elementor-button-info elementor-align-justify elementor-widget__width-initial elementor-widget elementor-widget-button\" data-id=\"82aa6bb\" data-element_type=\"widget\" data-e-type=\"widget\" data-widget_type=\"button.default\">\n\t\t\t\t<div class=\"elementor-widget-container\">\n\t\t\t\t\t\t\t\t\t<div class=\"elementor-button-wrapper\">\n\t\t\t\t\t<a class=\"elementor-button elementor-button-link elementor-size-md\" href=\"https:\/\/www.pracowniaprzeksztalcen.pl\/index.php\/pracownia-przeksztalcen\/polityka-prywatnosci\/\" target=\"_blank\">\n\t\t\t\t\t\t<span class=\"elementor-button-content-wrapper\">\n\t\t\t\t\t\t\t\t\t<span class=\"elementor-button-text\">Regulamin \u015bwiadczenia us\u0142ug drog\u0105 elektroniczn\u0105 i polityka prywatno\u015bci <\/span>\n\t\t\t\t\t<\/span>\n\t\t\t\t\t<\/a>\n\t\t\t\t<\/div>\n\t\t\t\t\t\t\t\t<\/div>\n\t\t\t\t<\/div>\n\t\t\t\t\t<\/div>\n\t\t<\/div>\n\t\t\t\t\t<\/div>\n\t\t<\/section>\n\t\t\t\t<section class=\"elementor-section elementor-top-section elementor-element elementor-element-bfb1224 elementor-section-boxed elementor-section-height-default elementor-section-height-default wpr-particle-no wpr-jarallax-no wpr-parallax-no wpr-sticky-section-no wpr-equal-height-no\" data-id=\"bfb1224\" data-element_type=\"section\" data-e-type=\"section\">\n\t\t\t\t\t\t<div class=\"elementor-container elementor-column-gap-default\">\n\t\t\t\t\t<div class=\"elementor-column elementor-col-100 elementor-top-column elementor-element elementor-element-b4af8cd\" data-id=\"b4af8cd\" data-element_type=\"column\" data-e-type=\"column\">\n\t\t\t<div class=\"elementor-widget-wrap elementor-element-populated\">\n\t\t\t\t\t\t<div class=\"elementor-element elementor-element-e545538 elementor-widget elementor-widget-spacer\" data-id=\"e545538\" data-element_type=\"widget\" data-e-type=\"widget\" data-widget_type=\"spacer.default\">\n\t\t\t\t<div class=\"elementor-widget-container\">\n\t\t\t\t\t\t\t<div class=\"elementor-spacer\">\n\t\t\t<div class=\"elementor-spacer-inner\"><\/div>\n\t\t<\/div>\n\t\t\t\t\t\t<\/div>\n\t\t\t\t<\/div>\n\t\t\t\t\t<\/div>\n\t\t<\/div>\n\t\t\t\t\t<\/div>\n\t\t<\/section>\n\t\t\t\t<section class=\"elementor-section elementor-top-section elementor-element elementor-element-20a0c2e elementor-section-boxed elementor-section-height-default elementor-section-height-default wpr-particle-no wpr-jarallax-no wpr-parallax-no wpr-sticky-section-no wpr-equal-height-no\" data-id=\"20a0c2e\" data-element_type=\"section\" data-e-type=\"section\">\n\t\t\t\t\t\t<div class=\"elementor-container elementor-column-gap-default\">\n\t\t\t\t\t<div class=\"elementor-column elementor-col-100 elementor-top-column elementor-element elementor-element-658622f\" data-id=\"658622f\" data-element_type=\"column\" data-e-type=\"column\">\n\t\t\t<div class=\"elementor-widget-wrap elementor-element-populated\">\n\t\t\t\t\t\t<div class=\"elementor-element elementor-element-3b1c87f elementor-widget-divider--view-line elementor-widget elementor-widget-divider\" data-id=\"3b1c87f\" data-element_type=\"widget\" data-e-type=\"widget\" data-widget_type=\"divider.default\">\n\t\t\t\t<div class=\"elementor-widget-container\">\n\t\t\t\t\t\t\t<div class=\"elementor-divider\">\n\t\t\t<span class=\"elementor-divider-separator\">\n\t\t\t\t\t\t<\/span>\n\t\t<\/div>\n\t\t\t\t\t\t<\/div>\n\t\t\t\t<\/div>\n\t\t\t\t\t<\/div>\n\t\t<\/div>\n\t\t\t\t\t<\/div>\n\t\t<\/section>\n\t\t\t\t<section class=\"elementor-section elementor-top-section elementor-element elementor-element-86edfab elementor-section-boxed elementor-section-height-default elementor-section-height-default wpr-particle-no wpr-jarallax-no wpr-parallax-no wpr-sticky-section-no wpr-equal-height-no\" data-id=\"86edfab\" data-element_type=\"section\" data-e-type=\"section\">\n\t\t\t\t\t\t<div class=\"elementor-container elementor-column-gap-default\">\n\t\t\t\t\t<div class=\"elementor-column elementor-col-50 elementor-top-column elementor-element elementor-element-4621bcc\" data-id=\"4621bcc\" data-element_type=\"column\" data-e-type=\"column\">\n\t\t\t<div class=\"elementor-widget-wrap elementor-element-populated\">\n\t\t\t\t\t\t<div class=\"elementor-element elementor-element-28c247e elementor-widget elementor-widget-text-editor\" data-id=\"28c247e\" data-element_type=\"widget\" data-e-type=\"widget\" data-widget_type=\"text-editor.default\">\n\t\t\t\t<div class=\"elementor-widget-container\">\n\t\t\t\t\t\t\t\t\t<p>Nie czekaj, napisz do mnie&#8230;<\/p>\t\t\t\t\t\t\t\t<\/div>\n\t\t\t\t<\/div>\n\t\t\t\t<div class=\"elementor-element elementor-element-6972117 elementor-widget elementor-widget-image\" data-id=\"6972117\" data-element_type=\"widget\" data-e-type=\"widget\" data-widget_type=\"image.default\">\n\t\t\t\t<div class=\"elementor-widget-container\">\n\t\t\t\t\t\t\t\t\t\t\t\t\t\t\t<img decoding=\"async\" width=\"75\" height=\"75\" src=\"https:\/\/www.pracowniaprzeksztalcen.pl\/wp-content\/uploads\/2022\/04\/motyl-01-75x75.png\" class=\"attachment-bard-single-navigation size-bard-single-navigation wp-image-498\" alt=\"\" srcset=\"https:\/\/www.pracowniaprzeksztalcen.pl\/wp-content\/uploads\/2022\/04\/motyl-01-75x75.png 75w, https:\/\/www.pracowniaprzeksztalcen.pl\/wp-content\/uploads\/2022\/04\/motyl-01-150x150.png 150w, https:\/\/www.pracowniaprzeksztalcen.pl\/wp-content\/uploads\/2022\/04\/elementor\/thumbs\/motyl-01-pnwjg3taw4ftum9679jx8rhntdwqekljifaj2bbblg.png 50w, https:\/\/www.pracowniaprzeksztalcen.pl\/wp-content\/uploads\/2022\/04\/elementor\/thumbs\/motyl-01-pnwjg3tancojj0mfbhdotjpzlx2eo7yec2dhu17vl8.png 30w, https:\/\/www.pracowniaprzeksztalcen.pl\/wp-content\/uploads\/2022\/04\/elementor\/thumbs\/motyl-01-pnwjg3taekx97ezofp7gebybeg82xvb95pgglr4fl0.png 10w, https:\/\/www.pracowniaprzeksztalcen.pl\/wp-content\/uploads\/2022\/04\/elementor\/thumbs\/motyl-01-pnwjg3taiyswd7t1vlaklxu5i6n8t1mtqvwz7w65l4.png 20w\" sizes=\"(max-width: 75px) 100vw, 75px\" \/>\t\t\t\t\t\t\t\t\t\t\t\t\t\t\t<\/div>\n\t\t\t\t<\/div>\n\t\t\t\t<div class=\"elementor-element elementor-element-f03080f elementor-widget elementor-widget-text-editor\" data-id=\"f03080f\" data-element_type=\"widget\" data-e-type=\"widget\" data-widget_type=\"text-editor.default\">\n\t\t\t\t<div class=\"elementor-widget-container\">\n\t\t\t\t\t\t\t\t\t<p>Agnieszka Polkowska-Ignaciuk<\/p><p>tel.\u00a0 +48 796 636 691<\/p><p>biuro@pracowniaprzeksztalcen.pl<\/p>\t\t\t\t\t\t\t\t<\/div>\n\t\t\t\t<\/div>\n\t\t\t\t\t<\/div>\n\t\t<\/div>\n\t\t\t\t<div class=\"elementor-column elementor-col-50 elementor-top-column elementor-element elementor-element-e342d26\" data-id=\"e342d26\" data-element_type=\"column\" data-e-type=\"column\" data-settings=\"{&quot;background_background&quot;:&quot;classic&quot;}\">\n\t\t\t<div class=\"elementor-widget-wrap elementor-element-populated\">\n\t\t\t\t\t<div class=\"elementor-background-overlay\"><\/div>\n\t\t\t\t\t\t<div class=\"elementor-element elementor-element-3ff0529 wpr-forms-submit-justify wpr-forms-align-left elementor-widget elementor-widget-wpr-forms\" data-id=\"3ff0529\" data-element_type=\"widget\" data-e-type=\"widget\" data-widget_type=\"wpr-forms.default\">\n\t\t\t\t<div class=\"elementor-widget-container\">\n\t\t\t\t\t<div class=\"wpr-forms-container wpr-custom-chk-radio\">\n<div class=\"wpcf7 no-js\" id=\"wpcf7-f188-o1\" lang=\"pl-PL\" dir=\"ltr\" data-wpcf7-id=\"188\">\n<div class=\"screen-reader-response\"><p role=\"status\" aria-live=\"polite\" aria-atomic=\"true\"><\/p> <ul><\/ul><\/div>\n<form action=\"\/index.php\/wp-json\/wp\/v2\/pages\/889#wpcf7-f188-o1\" method=\"post\" class=\"wpcf7-form init\" aria-label=\"Formularz kontaktowy\" novalidate=\"novalidate\" data-status=\"init\">\n<fieldset class=\"hidden-fields-container\"><input type=\"hidden\" name=\"_wpcf7\" value=\"188\" \/><input type=\"hidden\" name=\"_wpcf7_version\" value=\"6.1.5\" \/><input type=\"hidden\" name=\"_wpcf7_locale\" value=\"pl_PL\" \/><input type=\"hidden\" name=\"_wpcf7_unit_tag\" value=\"wpcf7-f188-o1\" \/><input type=\"hidden\" name=\"_wpcf7_container_post\" value=\"0\" \/><input type=\"hidden\" name=\"_wpcf7_posted_data_hash\" value=\"\" \/>\n<\/fieldset>\n<p><label> Twoje imi\u0119 i nazwisko<br \/>\n<span class=\"wpcf7-form-control-wrap\" data-name=\"your-name\"><input size=\"40\" maxlength=\"400\" class=\"wpcf7-form-control wpcf7-text wpcf7-validates-as-required\" aria-required=\"true\" aria-invalid=\"false\" value=\"\" type=\"text\" name=\"your-name\" \/><\/span> <\/label>\n<\/p>\n<p><label> Tw\u00f3j adres e-mail<br \/>\n<span class=\"wpcf7-form-control-wrap\" data-name=\"your-email\"><input size=\"40\" maxlength=\"400\" class=\"wpcf7-form-control wpcf7-email wpcf7-validates-as-required wpcf7-text wpcf7-validates-as-email\" aria-required=\"true\" aria-invalid=\"false\" value=\"\" type=\"email\" name=\"your-email\" \/><\/span> <\/label>\n<\/p>\n<p><label> Temat<br \/>\n<span class=\"wpcf7-form-control-wrap\" data-name=\"your-subject\"><input size=\"40\" maxlength=\"400\" class=\"wpcf7-form-control wpcf7-text wpcf7-validates-as-required\" aria-required=\"true\" aria-invalid=\"false\" value=\"\" type=\"text\" name=\"your-subject\" \/><\/span> <\/label>\n<\/p>\n<p><label> Twoja wiadomo\u015bci (opcjonalne)<br \/>\n<span class=\"wpcf7-form-control-wrap\" data-name=\"your-message\"><textarea cols=\"40\" rows=\"10\" maxlength=\"2000\" class=\"wpcf7-form-control wpcf7-textarea\" aria-invalid=\"false\" name=\"your-message\"><\/textarea><\/span> <\/label>\n<\/p>\n<p><input class=\"wpcf7-form-control wpcf7-submit has-spinner\" type=\"submit\" value=\"Wy\u015blij\" \/>\n<\/p><div class=\"wpcf7-response-output\" aria-hidden=\"true\"><\/div>\n<\/form>\n<\/div>\n<\/div>\t\t\t\t<\/div>\n\t\t\t\t<\/div>\n\t\t\t\t<div class=\"elementor-element elementor-element-3dfe49e elementor-widget elementor-widget-spacer\" data-id=\"3dfe49e\" data-element_type=\"widget\" data-e-type=\"widget\" data-widget_type=\"spacer.default\">\n\t\t\t\t<div class=\"elementor-widget-container\">\n\t\t\t\t\t\t\t<div class=\"elementor-spacer\">\n\t\t\t<div class=\"elementor-spacer-inner\"><\/div>\n\t\t<\/div>\n\t\t\t\t\t\t<\/div>\n\t\t\t\t<\/div>\n\t\t\t\t\t<\/div>\n\t\t<\/div>\n\t\t\t\t\t<\/div>\n\t\t<\/section>\n\t\t\t\t<section class=\"elementor-section elementor-top-section elementor-element elementor-element-eb522b6 elementor-section-boxed elementor-section-height-default elementor-section-height-default wpr-particle-no wpr-jarallax-no wpr-parallax-no wpr-sticky-section-no wpr-equal-height-no\" data-id=\"eb522b6\" data-element_type=\"section\" data-e-type=\"section\">\n\t\t\t\t\t\t<div class=\"elementor-container elementor-column-gap-default\">\n\t\t\t\t\t<div class=\"elementor-column elementor-col-100 elementor-top-column elementor-element elementor-element-03c819c\" data-id=\"03c819c\" data-element_type=\"column\" data-e-type=\"column\">\n\t\t\t<div class=\"elementor-widget-wrap elementor-element-populated\">\n\t\t\t\t\t\t<div class=\"elementor-element elementor-element-93139af elementor-widget elementor-widget-text-editor\" data-id=\"93139af\" data-element_type=\"widget\" data-e-type=\"widget\" data-widget_type=\"text-editor.default\">\n\t\t\t\t<div class=\"elementor-widget-container\">\n\t\t\t\t\t\t\t\t\t<p><em>Z chwil\u0105 wys\u0142ania formularza rozpocznie si\u0119 przetwarzanie danych osobowych przez Administratora danych, przedsi\u0119biorczyni wpisan\u0105 do Centralnej Informacji i Ewidencji o Dzia\u0142alno\u015bci Gospodarczej pod firm\u0105:\u00a0Karolina Polkowska Cudawidy\u00a0z siedzib\u0105 w Siedlcach, ul. Bema 23\/51, 08-110 Siedlce, NIP: 821-26-29-959.\u00a0<br \/>Pami\u0119taj, \u017ce podanie danych nast\u0119puje dobrowolnie i w ka\u017cdym czasie mo\u017cesz za\u017c\u0105da\u0107 ich usuni\u0119cia. Wi\u0119cej informacji w zakresie przetwarzania danych znajdziesz w naszej <a href=\"https:\/\/www.pracowniaprzeksztalcen.pl\/index.php\/pracownia-przeksztalcen\/polityka-prywatnosci\/\">polityce prywatno\u015bci<\/a><\/em><\/p>\t\t\t\t\t\t\t\t<\/div>\n\t\t\t\t<\/div>\n\t\t\t\t\t<\/div>\n\t\t<\/div>\n\t\t\t\t\t<\/div>\n\t\t<\/section>\n\t\t\t\t<\/div>\n\t\t","protected":false},"excerpt":{"rendered":"<p>Warsztat &#8222;Pog\u0142\u0119bienie i uwalnianie w IFS&#8221; Forma: stacjonarnie Termin: 20-21.01.2024 Godziny: 9.00-17.00 (z przerw\u0105 na obiad)\u00a0 Miejsce: \u00a0ul. Z\u0142oczowska 13 Warszawa (Saska K\u0119pa) Ilo\u015b\u0107 os\u00f3b: 10-18 Cena: 500 z\u0142\u00a0(uczestnicy badania &#8222;Wp\u0142yw treningu dialogowego na dobrostan \u2013 moderuj\u0105ca rola my\u015blenia dialogowego i kategorialnego&#8221; realizuj\u0105 kupon promocyjny- cena promocyjna 350 z\u0142\u00a0 )\u00a0 Faktura: tak, dane do faktury prze\u015blij na adres: biuro@pracowniaprzeksztalcen.pl Za\u015bwiadczenie o udziale: tak, plik PDF gotowy do wydruk1 Regulamin \u015bwiadczenia us\u0142ug drog\u0105 elektroniczn\u0105 i polityka prywatno\u015bci Nie czekaj, napisz do mnie&#8230; Agnieszka Polkowska-Ignaciuk tel.\u00a0 +48 796 636 691 biuro@pracowniaprzeksztalcen.pl Twoje imi\u0119 i nazwisko Tw\u00f3j adres e-mail Temat Twoja wiadomo\u015bci (opcjonalne) Z chwil\u0105 wys\u0142ania formularza rozpocznie si\u0119 przetwarzanie danych osobowych przez Administratora danych, przedsi\u0119biorczyni wpisan\u0105 do Centralnej Informacji i Ewidencji o Dzia\u0142alno\u015bci Gospodarczej pod firm\u0105:\u00a0Karolina Polkowska Cudawidy\u00a0z siedzib\u0105 w Siedlcach, ul. Bema 23\/51, 08-110 Siedlce, NIP: 821-26-29-959.\u00a0Pami\u0119taj, \u017ce podanie danych nast\u0119puje dobrowolnie i w ka\u017cdym czasie mo\u017cesz za\u017c\u0105da\u0107 ich usuni\u0119cia. Wi\u0119cej informacji w zakresie przetwarzania danych znajdziesz w naszej polityce prywatno\u015bci<\/p>\n","protected":false},"author":1,"featured_media":0,"parent":0,"menu_order":0,"comment_status":"closed","ping_status":"closed","template":"elementor_header_footer","meta":{"footnotes":""},"class_list":["post-889","page","type-page","status-publish","hentry"],"_links":{"self":[{"href":"https:\/\/www.pracowniaprzeksztalcen.pl\/index.php\/wp-json\/wp\/v2\/pages\/889","targetHints":{"allow":["GET"]}}],"collection":[{"href":"https:\/\/www.pracowniaprzeksztalcen.pl\/index.php\/wp-json\/wp\/v2\/pages"}],"about":[{"href":"https:\/\/www.pracowniaprzeksztalcen.pl\/index.php\/wp-json\/wp\/v2\/types\/page"}],"author":[{"embeddable":true,"href":"https:\/\/www.pracowniaprzeksztalcen.pl\/index.php\/wp-json\/wp\/v2\/users\/1"}],"replies":[{"embeddable":true,"href":"https:\/\/www.pracowniaprzeksztalcen.pl\/index.php\/wp-json\/wp\/v2\/comments?post=889"}],"version-history":[{"count":31,"href":"https:\/\/www.pracowniaprzeksztalcen.pl\/index.php\/wp-json\/wp\/v2\/pages\/889\/revisions"}],"predecessor-version":[{"id":1038,"href":"https:\/\/www.pracowniaprzeksztalcen.pl\/index.php\/wp-json\/wp\/v2\/pages\/889\/revisions\/1038"}],"wp:attachment":[{"href":"https:\/\/www.pracowniaprzeksztalcen.pl\/index.php\/wp-json\/wp\/v2\/media?parent=889"}],"curies":[{"name":"wp","href":"https:\/\/api.w.org\/{rel}","templated":true}]}}