{"id":58,"date":"2022-04-06T19:02:24","date_gmt":"2022-04-06T19:02:24","guid":{"rendered":"http:\/\/www.pracowniaprzeksztalcen.pl\/?page_id=58"},"modified":"2023-11-28T19:22:45","modified_gmt":"2023-11-28T19:22:45","slug":"kontakt","status":"publish","type":"page","link":"https:\/\/www.pracowniaprzeksztalcen.pl\/index.php\/kontakt\/","title":{"rendered":"Kontakt"},"content":{"rendered":"\t\t<div data-elementor-type=\"wp-page\" data-elementor-id=\"58\" class=\"elementor elementor-58\">\n\t\t\t\t\t\t<section class=\"elementor-section elementor-top-section elementor-element elementor-element-fb6098c elementor-section-boxed elementor-section-height-default elementor-section-height-default wpr-particle-no wpr-jarallax-no wpr-parallax-no wpr-sticky-section-no wpr-equal-height-no\" data-id=\"fb6098c\" data-element_type=\"section\" data-e-type=\"section\">\n\t\t\t\t\t\t<div class=\"elementor-container elementor-column-gap-default\">\n\t\t\t\t\t<div class=\"elementor-column elementor-col-100 elementor-top-column elementor-element elementor-element-457da28\" data-id=\"457da28\" data-element_type=\"column\" data-e-type=\"column\">\n\t\t\t<div class=\"elementor-widget-wrap elementor-element-populated\">\n\t\t\t\t\t\t<div class=\"elementor-element elementor-element-e731356 elementor-widget elementor-widget-spacer\" data-id=\"e731356\" data-element_type=\"widget\" data-e-type=\"widget\" data-widget_type=\"spacer.default\">\n\t\t\t\t<div class=\"elementor-widget-container\">\n\t\t\t\t\t\t\t<div class=\"elementor-spacer\">\n\t\t\t<div class=\"elementor-spacer-inner\"><\/div>\n\t\t<\/div>\n\t\t\t\t\t\t<\/div>\n\t\t\t\t<\/div>\n\t\t\t\t\t<\/div>\n\t\t<\/div>\n\t\t\t\t\t<\/div>\n\t\t<\/section>\n\t\t\t\t<section class=\"elementor-section elementor-top-section elementor-element elementor-element-86edfab elementor-section-boxed elementor-section-height-default elementor-section-height-default wpr-particle-no wpr-jarallax-no wpr-parallax-no wpr-sticky-section-no wpr-equal-height-no\" data-id=\"86edfab\" data-element_type=\"section\" data-e-type=\"section\">\n\t\t\t\t\t\t<div class=\"elementor-container elementor-column-gap-default\">\n\t\t\t\t\t<div class=\"elementor-column elementor-col-50 elementor-top-column elementor-element elementor-element-4621bcc\" data-id=\"4621bcc\" data-element_type=\"column\" data-e-type=\"column\">\n\t\t\t<div class=\"elementor-widget-wrap elementor-element-populated\">\n\t\t\t\t\t\t<div class=\"elementor-element elementor-element-28c247e elementor-widget elementor-widget-text-editor\" data-id=\"28c247e\" data-element_type=\"widget\" data-e-type=\"widget\" data-widget_type=\"text-editor.default\">\n\t\t\t\t<div class=\"elementor-widget-container\">\n\t\t\t\t\t\t\t\t\t<p>Nie czekaj, napisz do mnie&#8230;<\/p>\t\t\t\t\t\t\t\t<\/div>\n\t\t\t\t<\/div>\n\t\t\t\t<div class=\"elementor-element elementor-element-6972117 elementor-widget elementor-widget-image\" data-id=\"6972117\" data-element_type=\"widget\" data-e-type=\"widget\" data-widget_type=\"image.default\">\n\t\t\t\t<div class=\"elementor-widget-container\">\n\t\t\t\t\t\t\t\t\t\t\t\t\t\t\t<img decoding=\"async\" width=\"75\" height=\"75\" src=\"https:\/\/www.pracowniaprzeksztalcen.pl\/wp-content\/uploads\/2022\/04\/motyl-01-75x75.png\" class=\"attachment-bard-single-navigation size-bard-single-navigation wp-image-498\" alt=\"\" srcset=\"https:\/\/www.pracowniaprzeksztalcen.pl\/wp-content\/uploads\/2022\/04\/motyl-01-75x75.png 75w, https:\/\/www.pracowniaprzeksztalcen.pl\/wp-content\/uploads\/2022\/04\/motyl-01-150x150.png 150w, https:\/\/www.pracowniaprzeksztalcen.pl\/wp-content\/uploads\/2022\/04\/elementor\/thumbs\/motyl-01-pnwjg3taw4ftum9679jx8rhntdwqekljifaj2bbblg.png 50w, https:\/\/www.pracowniaprzeksztalcen.pl\/wp-content\/uploads\/2022\/04\/elementor\/thumbs\/motyl-01-pnwjg3tancojj0mfbhdotjpzlx2eo7yec2dhu17vl8.png 30w, https:\/\/www.pracowniaprzeksztalcen.pl\/wp-content\/uploads\/2022\/04\/elementor\/thumbs\/motyl-01-pnwjg3taekx97ezofp7gebybeg82xvb95pgglr4fl0.png 10w, https:\/\/www.pracowniaprzeksztalcen.pl\/wp-content\/uploads\/2022\/04\/elementor\/thumbs\/motyl-01-pnwjg3taiyswd7t1vlaklxu5i6n8t1mtqvwz7w65l4.png 20w\" sizes=\"(max-width: 75px) 100vw, 75px\" \/>\t\t\t\t\t\t\t\t\t\t\t\t\t\t\t<\/div>\n\t\t\t\t<\/div>\n\t\t\t\t<div class=\"elementor-element elementor-element-f03080f elementor-widget elementor-widget-text-editor\" data-id=\"f03080f\" data-element_type=\"widget\" data-e-type=\"widget\" data-widget_type=\"text-editor.default\">\n\t\t\t\t<div class=\"elementor-widget-container\">\n\t\t\t\t\t\t\t\t\t<p>Agnieszka Polkowska-Ignaciuk<\/p><p>tel.\u00a0 +48 796 636 691<\/p><p>biuro@pracowniaprzeksztalcen.pl<\/p>\t\t\t\t\t\t\t\t<\/div>\n\t\t\t\t<\/div>\n\t\t\t\t\t<\/div>\n\t\t<\/div>\n\t\t\t\t<div class=\"elementor-column elementor-col-50 elementor-top-column elementor-element elementor-element-e342d26\" data-id=\"e342d26\" data-element_type=\"column\" data-e-type=\"column\" data-settings=\"{&quot;background_background&quot;:&quot;classic&quot;}\">\n\t\t\t<div class=\"elementor-widget-wrap elementor-element-populated\">\n\t\t\t\t\t<div class=\"elementor-background-overlay\"><\/div>\n\t\t\t\t\t\t<div class=\"elementor-element elementor-element-3ff0529 wpr-forms-submit-justify wpr-forms-align-left elementor-widget elementor-widget-wpr-forms\" data-id=\"3ff0529\" data-element_type=\"widget\" data-e-type=\"widget\" data-widget_type=\"wpr-forms.default\">\n\t\t\t\t<div class=\"elementor-widget-container\">\n\t\t\t\t\t<div class=\"wpr-forms-container wpr-custom-chk-radio\">\n<div class=\"wpcf7 no-js\" id=\"wpcf7-f188-o1\" lang=\"pl-PL\" dir=\"ltr\" data-wpcf7-id=\"188\">\n<div class=\"screen-reader-response\"><p role=\"status\" aria-live=\"polite\" aria-atomic=\"true\"><\/p> <ul><\/ul><\/div>\n<form action=\"\/index.php\/wp-json\/wp\/v2\/pages\/58#wpcf7-f188-o1\" method=\"post\" class=\"wpcf7-form init\" aria-label=\"Formularz kontaktowy\" novalidate=\"novalidate\" data-status=\"init\">\n<fieldset class=\"hidden-fields-container\"><input type=\"hidden\" name=\"_wpcf7\" value=\"188\" \/><input type=\"hidden\" name=\"_wpcf7_version\" value=\"6.1.5\" \/><input type=\"hidden\" name=\"_wpcf7_locale\" value=\"pl_PL\" \/><input type=\"hidden\" name=\"_wpcf7_unit_tag\" value=\"wpcf7-f188-o1\" \/><input type=\"hidden\" name=\"_wpcf7_container_post\" value=\"0\" \/><input type=\"hidden\" name=\"_wpcf7_posted_data_hash\" value=\"\" \/>\n<\/fieldset>\n<p><label> Twoje imi\u0119 i nazwisko<br \/>\n<span class=\"wpcf7-form-control-wrap\" data-name=\"your-name\"><input size=\"40\" maxlength=\"400\" class=\"wpcf7-form-control wpcf7-text wpcf7-validates-as-required\" aria-required=\"true\" aria-invalid=\"false\" value=\"\" type=\"text\" name=\"your-name\" \/><\/span> <\/label>\n<\/p>\n<p><label> Tw\u00f3j adres e-mail<br \/>\n<span class=\"wpcf7-form-control-wrap\" data-name=\"your-email\"><input size=\"40\" maxlength=\"400\" class=\"wpcf7-form-control wpcf7-email wpcf7-validates-as-required wpcf7-text wpcf7-validates-as-email\" aria-required=\"true\" aria-invalid=\"false\" value=\"\" type=\"email\" name=\"your-email\" \/><\/span> <\/label>\n<\/p>\n<p><label> Temat<br \/>\n<span class=\"wpcf7-form-control-wrap\" data-name=\"your-subject\"><input size=\"40\" maxlength=\"400\" class=\"wpcf7-form-control wpcf7-text wpcf7-validates-as-required\" aria-required=\"true\" aria-invalid=\"false\" value=\"\" type=\"text\" name=\"your-subject\" \/><\/span> <\/label>\n<\/p>\n<p><label> Twoja wiadomo\u015bci (opcjonalne)<br \/>\n<span class=\"wpcf7-form-control-wrap\" data-name=\"your-message\"><textarea cols=\"40\" rows=\"10\" maxlength=\"2000\" class=\"wpcf7-form-control wpcf7-textarea\" aria-invalid=\"false\" name=\"your-message\"><\/textarea><\/span> <\/label>\n<\/p>\n<p><input class=\"wpcf7-form-control wpcf7-submit has-spinner\" type=\"submit\" value=\"Wy\u015blij\" \/>\n<\/p><div class=\"wpcf7-response-output\" aria-hidden=\"true\"><\/div>\n<\/form>\n<\/div>\n<\/div>\t\t\t\t<\/div>\n\t\t\t\t<\/div>\n\t\t\t\t<div class=\"elementor-element elementor-element-3dfe49e elementor-widget elementor-widget-spacer\" data-id=\"3dfe49e\" data-element_type=\"widget\" data-e-type=\"widget\" data-widget_type=\"spacer.default\">\n\t\t\t\t<div class=\"elementor-widget-container\">\n\t\t\t\t\t\t\t<div class=\"elementor-spacer\">\n\t\t\t<div class=\"elementor-spacer-inner\"><\/div>\n\t\t<\/div>\n\t\t\t\t\t\t<\/div>\n\t\t\t\t<\/div>\n\t\t\t\t\t<\/div>\n\t\t<\/div>\n\t\t\t\t\t<\/div>\n\t\t<\/section>\n\t\t\t\t<section class=\"elementor-section elementor-top-section elementor-element elementor-element-4c3e4b8 elementor-section-boxed elementor-section-height-default elementor-section-height-default wpr-particle-no wpr-jarallax-no wpr-parallax-no wpr-sticky-section-no wpr-equal-height-no\" data-id=\"4c3e4b8\" data-element_type=\"section\" data-e-type=\"section\">\n\t\t\t\t\t\t<div class=\"elementor-container elementor-column-gap-default\">\n\t\t\t\t\t<div class=\"elementor-column elementor-col-100 elementor-top-column elementor-element elementor-element-5f12eee\" data-id=\"5f12eee\" data-element_type=\"column\" data-e-type=\"column\">\n\t\t\t<div class=\"elementor-widget-wrap elementor-element-populated\">\n\t\t\t\t\t\t<div class=\"elementor-element elementor-element-2902320 elementor-widget elementor-widget-text-editor\" data-id=\"2902320\" data-element_type=\"widget\" data-e-type=\"widget\" data-widget_type=\"text-editor.default\">\n\t\t\t\t<div class=\"elementor-widget-container\">\n\t\t\t\t\t\t\t\t\t<p><em>Z chwil\u0105 wys\u0142ania formularza rozpocznie si\u0119 przetwarzanie danych osobowych przez Administratora danych, przedsi\u0119biorczyni wpisan\u0105 do Centralnej Informacji i Ewidencji o Dzia\u0142alno\u015bci Gospodarczej pod firm\u0105:\u00a0Karolina Polkowska Cudawidy\u00a0z siedzib\u0105 w Siedlcach, ul. Bema 23\/51, 08-110 Siedlce, NIP: 821-26-29-959.\u00a0<br \/>Pami\u0119taj, \u017ce podanie danych nast\u0119puje dobrowolnie i w ka\u017cdym czasie mo\u017cesz za\u017c\u0105da\u0107 ich usuni\u0119cia. Wi\u0119cej informacji w zakresie przetwarzania danych znajdziesz w naszej <a href=\"https:\/\/www.pracowniaprzeksztalcen.pl\/index.php\/pracownia-przeksztalcen\/polityka-prywatnosci\/\">polityce prywatno\u015bci<\/a><\/em><\/p>\t\t\t\t\t\t\t\t<\/div>\n\t\t\t\t<\/div>\n\t\t\t\t\t<\/div>\n\t\t<\/div>\n\t\t\t\t\t<\/div>\n\t\t<\/section>\n\t\t\t\t<\/div>\n\t\t","protected":false},"excerpt":{"rendered":"<p>Nie czekaj, napisz do mnie&#8230; Agnieszka Polkowska-Ignaciuk tel.\u00a0 +48 796 636 691 biuro@pracowniaprzeksztalcen.pl Twoje imi\u0119 i nazwisko Tw\u00f3j adres e-mail Temat Twoja wiadomo\u015bci (opcjonalne) Z chwil\u0105 wys\u0142ania formularza rozpocznie si\u0119 przetwarzanie danych osobowych przez Administratora danych, przedsi\u0119biorczyni wpisan\u0105 do Centralnej Informacji i Ewidencji o Dzia\u0142alno\u015bci Gospodarczej pod firm\u0105:\u00a0Karolina Polkowska Cudawidy\u00a0z siedzib\u0105 w Siedlcach, ul. Bema 23\/51, 08-110 Siedlce, NIP: 821-26-29-959.\u00a0Pami\u0119taj, \u017ce podanie danych nast\u0119puje dobrowolnie i w ka\u017cdym czasie mo\u017cesz za\u017c\u0105da\u0107 ich usuni\u0119cia. Wi\u0119cej informacji w zakresie przetwarzania danych znajdziesz w naszej polityce prywatno\u015bci<\/p>\n","protected":false},"author":1,"featured_media":0,"parent":0,"menu_order":0,"comment_status":"closed","ping_status":"closed","template":"elementor_header_footer","meta":{"footnotes":""},"class_list":["post-58","page","type-page","status-publish","hentry"],"_links":{"self":[{"href":"https:\/\/www.pracowniaprzeksztalcen.pl\/index.php\/wp-json\/wp\/v2\/pages\/58","targetHints":{"allow":["GET"]}}],"collection":[{"href":"https:\/\/www.pracowniaprzeksztalcen.pl\/index.php\/wp-json\/wp\/v2\/pages"}],"about":[{"href":"https:\/\/www.pracowniaprzeksztalcen.pl\/index.php\/wp-json\/wp\/v2\/types\/page"}],"author":[{"embeddable":true,"href":"https:\/\/www.pracowniaprzeksztalcen.pl\/index.php\/wp-json\/wp\/v2\/users\/1"}],"replies":[{"embeddable":true,"href":"https:\/\/www.pracowniaprzeksztalcen.pl\/index.php\/wp-json\/wp\/v2\/comments?post=58"}],"version-history":[{"count":101,"href":"https:\/\/www.pracowniaprzeksztalcen.pl\/index.php\/wp-json\/wp\/v2\/pages\/58\/revisions"}],"predecessor-version":[{"id":980,"href":"https:\/\/www.pracowniaprzeksztalcen.pl\/index.php\/wp-json\/wp\/v2\/pages\/58\/revisions\/980"}],"wp:attachment":[{"href":"https:\/\/www.pracowniaprzeksztalcen.pl\/index.php\/wp-json\/wp\/v2\/media?parent=58"}],"curies":[{"name":"wp","href":"https:\/\/api.w.org\/{rel}","templated":true}]}}