{"id":57,"date":"2022-04-06T19:02:24","date_gmt":"2022-04-06T19:02:24","guid":{"rendered":"http:\/\/www.pracowniaprzeksztalcen.pl\/?page_id=57"},"modified":"2022-05-31T17:49:44","modified_gmt":"2022-05-31T17:49:44","slug":"o-mnie","status":"publish","type":"page","link":"https:\/\/www.pracowniaprzeksztalcen.pl\/index.php\/o-mnie\/","title":{"rendered":"O mnie"},"content":{"rendered":"\t\t<div data-elementor-type=\"wp-page\" data-elementor-id=\"57\" class=\"elementor elementor-57\">\n\t\t\t\t\t\t<section class=\"elementor-section elementor-top-section elementor-element elementor-element-19dda6e elementor-section-boxed elementor-section-height-default elementor-section-height-default wpr-particle-no wpr-jarallax-no wpr-parallax-no wpr-sticky-section-no wpr-equal-height-no\" data-id=\"19dda6e\" data-element_type=\"section\" data-e-type=\"section\">\n\t\t\t\t\t\t<div class=\"elementor-container elementor-column-gap-default\">\n\t\t\t\t\t<div class=\"elementor-column elementor-col-100 elementor-top-column elementor-element elementor-element-9d09e52\" data-id=\"9d09e52\" data-element_type=\"column\" data-e-type=\"column\">\n\t\t\t<div class=\"elementor-widget-wrap elementor-element-populated\">\n\t\t\t\t\t\t<div class=\"elementor-element elementor-element-8167ede elementor-widget elementor-widget-spacer\" data-id=\"8167ede\" data-element_type=\"widget\" data-e-type=\"widget\" data-widget_type=\"spacer.default\">\n\t\t\t\t<div class=\"elementor-widget-container\">\n\t\t\t\t\t\t\t<div class=\"elementor-spacer\">\n\t\t\t<div class=\"elementor-spacer-inner\"><\/div>\n\t\t<\/div>\n\t\t\t\t\t\t<\/div>\n\t\t\t\t<\/div>\n\t\t\t\t\t<\/div>\n\t\t<\/div>\n\t\t\t\t\t<\/div>\n\t\t<\/section>\n\t\t\t\t<section class=\"elementor-section elementor-top-section elementor-element elementor-element-0432fd7 elementor-section-boxed elementor-section-height-default elementor-section-height-default wpr-particle-no wpr-jarallax-no wpr-parallax-no wpr-sticky-section-no wpr-equal-height-no\" data-id=\"0432fd7\" data-element_type=\"section\" data-e-type=\"section\">\n\t\t\t\t\t\t<div class=\"elementor-container elementor-column-gap-default\">\n\t\t\t\t\t<div class=\"elementor-column elementor-col-50 elementor-top-column elementor-element elementor-element-4397680\" data-id=\"4397680\" data-element_type=\"column\" data-e-type=\"column\">\n\t\t\t<div class=\"elementor-widget-wrap elementor-element-populated\">\n\t\t\t\t\t\t<div class=\"elementor-element elementor-element-361ee69 elementor-widget elementor-widget-text-editor\" data-id=\"361ee69\" data-element_type=\"widget\" data-e-type=\"widget\" data-widget_type=\"text-editor.default\">\n\t\t\t\t<div class=\"elementor-widget-container\">\n\t\t\t\t\t\t\t\t\t<p>Jak si\u0119 czu\u0142e\u015b\/ czu\u0142a\u015b, gdy b\u0119d\u0105c dzieckiem, kto\u015b zadawa\u0142 Ci pytanie: kim zostaniesz, gdy doro\u015bniesz?<\/p><p>Przede mn\u0105 zawsze otwiera\u0142 si\u0119 ocean mo\u017cliwo\u015bci. Marzy\u0142am o byciu baletnic\u0105, aktork\u0105, s\u0142awn\u0105 malark\u0105 i nauczycielk\u0105. Mo\u017ce lekarzem? Prawnikiem?<br \/>Interesowa\u0142o mnie wszystko. Mija\u0142y lata i sta\u0142am si\u0119 studentk\u0105 wkr\u00f3tce \u017con\u0105 a zaraz potem mam\u0105, ale pytanie, kim zostan\u0119, gdy dorosn\u0119, wcale mnie nie opu\u015bci\u0142o, a doros\u0142o\u015b\u0107 pomimo up\u0142ywaj\u0105cych lat wci\u0105\u017c by\u0142a przede mn\u0105.<\/p><p>Pr\u00f3bowa\u0142am si\u0142 w kilku zawodach (mia\u0142am \u0142atwo, bo zawsze lubi\u0142am si\u0119 uczy\u0107) jednak zawsze czuj\u0105c, \u017ce to, co robi\u0119, nie prowadzi mnie do stanu, jaki towarzyszy \u201edoros\u0142o\u015bci\u201d i tego momentu, gdzie powiem: tak! Tym kim\u015b chce ju\u017c zosta\u0107 na zawsze!<br \/>D\u0142ugo marzy\u0142am o psychologii (grzebanie we w\u0142asnej g\u0142owie praktykowa\u0142am ju\u017c od dawna), ale by\u0142a we mnie cz\u0119\u015b\u0107, kt\u00f3ra obawia\u0142a si\u0119, \u017ce to tak\u017ce mnie rozczaruje. <br \/>Kolejno pojawia\u0142y si\u0119 w moim \u017cyciu fascynacja relacjami, pasje trenerskie, coaching, a\u017c w ko\u0144cu pozna\u0142am\u00a0<span class=\"hiddenSpellError\">IFS<\/span>. Niesamowit\u0105 metod\u0119 terapeutyczn\u0105, rozwojow\u0105 i spos\u00f3b na \u017cycie.<\/p><p>Pewnej jesieni moi najbli\u017csi \u2014 moje c\u00f3rki i m\u00f3j \u017cyciowy partner pomogli mi podj\u0105\u0107 decyzj\u0119.<br \/>Id\u017a na psychologi\u0119, to ten czas, to ten moment, nie odk\u0142adaj ju\u017c d\u0142u\u017cej marzenia, m\u00f3wili. Wesprzemy ci\u0119!<\/p><p>Dzi\u015b nie \u017ca\u0142uj\u0119 nawet jednej chwili!<br \/>Jestem praktykiem\u00a0<span class=\"hiddenSpellError\">IFS<\/span>, towarzysz\u0119 moim klientom w drodze ku zdrowiu i akceptacji i wiecie co? Jaki\u015b czas temu zda\u0142am sobie spraw\u0119, \u017ce ju\u017c nie zadaj\u0119 sobie pytania, kim zostan\u0119, gdy dorosn\u0119?<\/p><p>Znalaz\u0142am drog\u0119 i w ko\u0144cu mog\u0119 zaj\u0105\u0107 si\u0119 poznawaniem,\u00a0jak to jest by\u0107 \u201edoros\u0142\u0105\u201d<\/p><p>Agnieszka Polkowska-Ignaciuk<\/p>\t\t\t\t\t\t\t\t<\/div>\n\t\t\t\t<\/div>\n\t\t\t\t\t<\/div>\n\t\t<\/div>\n\t\t\t\t<div class=\"elementor-column elementor-col-50 elementor-top-column elementor-element elementor-element-ef633a8\" data-id=\"ef633a8\" data-element_type=\"column\" data-e-type=\"column\">\n\t\t\t<div class=\"elementor-widget-wrap elementor-element-populated\">\n\t\t\t\t\t\t<div class=\"elementor-element elementor-element-16fd9bd elementor-widget elementor-widget-image\" data-id=\"16fd9bd\" data-element_type=\"widget\" data-e-type=\"widget\" data-widget_type=\"image.default\">\n\t\t\t\t<div class=\"elementor-widget-container\">\n\t\t\t\t\t\t\t\t\t\t\t\t\t\t\t<img fetchpriority=\"high\" decoding=\"async\" width=\"682\" height=\"1024\" src=\"https:\/\/www.pracowniaprzeksztalcen.pl\/wp-content\/uploads\/2022\/05\/20220505_150441a-682x1024.jpg\" class=\"attachment-large size-large wp-image-654\" alt=\"\" srcset=\"https:\/\/www.pracowniaprzeksztalcen.pl\/wp-content\/uploads\/2022\/05\/20220505_150441a-682x1024.jpg 682w, https:\/\/www.pracowniaprzeksztalcen.pl\/wp-content\/uploads\/2022\/05\/20220505_150441a-200x300.jpg 200w, https:\/\/www.pracowniaprzeksztalcen.pl\/wp-content\/uploads\/2022\/05\/20220505_150441a-768x1152.jpg 768w, https:\/\/www.pracowniaprzeksztalcen.pl\/wp-content\/uploads\/2022\/05\/20220505_150441a-1024x1536.jpg 1024w, https:\/\/www.pracowniaprzeksztalcen.pl\/wp-content\/uploads\/2022\/05\/20220505_150441a-1365x2048.jpg 1365w, https:\/\/www.pracowniaprzeksztalcen.pl\/wp-content\/uploads\/2022\/05\/20220505_150441a-1140x1711.jpg 1140w, https:\/\/www.pracowniaprzeksztalcen.pl\/wp-content\/uploads\/2022\/05\/20220505_150441a-scaled.jpg 1706w\" sizes=\"(max-width: 682px) 100vw, 682px\" \/>\t\t\t\t\t\t\t\t\t\t\t\t\t\t\t<\/div>\n\t\t\t\t<\/div>\n\t\t\t\t\t<\/div>\n\t\t<\/div>\n\t\t\t\t\t<\/div>\n\t\t<\/section>\n\t\t\t\t<\/div>\n\t\t","protected":false},"excerpt":{"rendered":"<p>Jak si\u0119 czu\u0142e\u015b\/ czu\u0142a\u015b, gdy b\u0119d\u0105c dzieckiem, kto\u015b zadawa\u0142 Ci pytanie: kim zostaniesz, gdy doro\u015bniesz? Przede mn\u0105 zawsze otwiera\u0142 si\u0119 ocean mo\u017cliwo\u015bci. Marzy\u0142am o byciu baletnic\u0105, aktork\u0105, s\u0142awn\u0105 malark\u0105 i nauczycielk\u0105. Mo\u017ce lekarzem? Prawnikiem?Interesowa\u0142o mnie wszystko. Mija\u0142y lata i sta\u0142am si\u0119 studentk\u0105 wkr\u00f3tce \u017con\u0105 a zaraz potem mam\u0105, ale pytanie, kim zostan\u0119, gdy dorosn\u0119, wcale mnie nie opu\u015bci\u0142o, a doros\u0142o\u015b\u0107 pomimo up\u0142ywaj\u0105cych lat wci\u0105\u017c by\u0142a przede mn\u0105. Pr\u00f3bowa\u0142am si\u0142 w kilku zawodach (mia\u0142am \u0142atwo, bo zawsze lubi\u0142am si\u0119 uczy\u0107) jednak zawsze czuj\u0105c, \u017ce to, co robi\u0119, nie prowadzi mnie do stanu, jaki towarzyszy \u201edoros\u0142o\u015bci\u201d i tego momentu, gdzie powiem: tak! Tym kim\u015b chce ju\u017c zosta\u0107 na zawsze!D\u0142ugo marzy\u0142am o psychologii (grzebanie we w\u0142asnej g\u0142owie praktykowa\u0142am ju\u017c od dawna), ale by\u0142a we mnie cz\u0119\u015b\u0107, kt\u00f3ra obawia\u0142a si\u0119, \u017ce to tak\u017ce mnie rozczaruje. Kolejno pojawia\u0142y si\u0119 w moim \u017cyciu fascynacja relacjami, pasje trenerskie, coaching, a\u017c w ko\u0144cu pozna\u0142am\u00a0IFS. Niesamowit\u0105 metod\u0119 terapeutyczn\u0105, rozwojow\u0105 i spos\u00f3b na \u017cycie. Pewnej jesieni moi najbli\u017csi \u2014 moje c\u00f3rki i m\u00f3j \u017cyciowy partner pomogli mi podj\u0105\u0107 decyzj\u0119.Id\u017a na psychologi\u0119, to ten czas, to ten moment, nie odk\u0142adaj ju\u017c d\u0142u\u017cej marzenia, m\u00f3wili. Wesprzemy ci\u0119! Dzi\u015b nie \u017ca\u0142uj\u0119 nawet jednej chwili!Jestem praktykiem\u00a0IFS, towarzysz\u0119 moim klientom w drodze ku zdrowiu i akceptacji i wiecie co? Jaki\u015b czas temu zda\u0142am sobie spraw\u0119, \u017ce ju\u017c nie zadaj\u0119 sobie pytania, kim zostan\u0119, gdy dorosn\u0119? Znalaz\u0142am drog\u0119 i w ko\u0144cu mog\u0119 zaj\u0105\u0107 si\u0119 poznawaniem,\u00a0jak to jest by\u0107 \u201edoros\u0142\u0105\u201d Agnieszka Polkowska-Ignaciuk<\/p>\n","protected":false},"author":1,"featured_media":0,"parent":0,"menu_order":0,"comment_status":"closed","ping_status":"closed","template":"elementor_header_footer","meta":{"footnotes":""},"class_list":["post-57","page","type-page","status-publish","hentry"],"_links":{"self":[{"href":"https:\/\/www.pracowniaprzeksztalcen.pl\/index.php\/wp-json\/wp\/v2\/pages\/57","targetHints":{"allow":["GET"]}}],"collection":[{"href":"https:\/\/www.pracowniaprzeksztalcen.pl\/index.php\/wp-json\/wp\/v2\/pages"}],"about":[{"href":"https:\/\/www.pracowniaprzeksztalcen.pl\/index.php\/wp-json\/wp\/v2\/types\/page"}],"author":[{"embeddable":true,"href":"https:\/\/www.pracowniaprzeksztalcen.pl\/index.php\/wp-json\/wp\/v2\/users\/1"}],"replies":[{"embeddable":true,"href":"https:\/\/www.pracowniaprzeksztalcen.pl\/index.php\/wp-json\/wp\/v2\/comments?post=57"}],"version-history":[{"count":39,"href":"https:\/\/www.pracowniaprzeksztalcen.pl\/index.php\/wp-json\/wp\/v2\/pages\/57\/revisions"}],"predecessor-version":[{"id":658,"href":"https:\/\/www.pracowniaprzeksztalcen.pl\/index.php\/wp-json\/wp\/v2\/pages\/57\/revisions\/658"}],"wp:attachment":[{"href":"https:\/\/www.pracowniaprzeksztalcen.pl\/index.php\/wp-json\/wp\/v2\/media?parent=57"}],"curies":[{"name":"wp","href":"https:\/\/api.w.org\/{rel}","templated":true}]}}